{"id":2299,"date":"2026-05-09T11:55:12","date_gmt":"2026-05-09T09:55:12","guid":{"rendered":"https:\/\/premierechance.fr\/?page_id=2299"},"modified":"2026-05-09T14:44:36","modified_gmt":"2026-05-09T12:44:36","slug":"mentions-legales","status":"publish","type":"page","link":"https:\/\/premierechance.fr\/?page_id=2299","title":{"rendered":"Mentions l\u00e9gales"},"content":{"rendered":"\t\t<div data-elementor-type=\"wp-page\" data-elementor-id=\"2299\" class=\"elementor elementor-2299\" data-elementor-post-type=\"page\">\n\t\t\t\t<div class=\"elementor-element elementor-element-780b67ca e-flex e-con-boxed e-con e-parent\" data-id=\"780b67ca\" data-element_type=\"container\" data-e-type=\"container\">\n\t\t\t\t\t<div class=\"e-con-inner\">\n\t\t<div class=\"elementor-element elementor-element-df20902 e-con-full e-grid e-con e-child\" data-id=\"df20902\" data-element_type=\"container\" data-e-type=\"container\" data-settings=\"{&quot;background_background&quot;:&quot;classic&quot;}\">\n\t\t\t\t<div class=\"elementor-element elementor-element-8ca8521 elementor-widget elementor-widget-heading\" data-id=\"8ca8521\" data-element_type=\"widget\" data-e-type=\"widget\" data-widget_type=\"heading.default\">\n\t\t\t\t\t<h2 class=\"elementor-heading-title elementor-size-default\">Mentions L\u00e9gales<\/h2>\t\t\t\t<\/div>\n\t\t\t\t<\/div>\n\t\t\t\t\t<\/div>\n\t\t\t\t<\/div>\n\t\t<div class=\"elementor-element elementor-element-b786a7c e-grid e-con-boxed e-con e-parent\" data-id=\"b786a7c\" data-element_type=\"container\" data-e-type=\"container\">\n\t\t\t\t\t<div class=\"e-con-inner\">\n\t\t\t\t<div class=\"elementor-element elementor-element-d8f1b18 elementor-widget elementor-widget-text-editor\" data-id=\"d8f1b18\" data-element_type=\"widget\" data-e-type=\"widget\" data-widget_type=\"text-editor.default\">\n\t\t\t\t\t\t\t\t\t<h2>\u00c9diteur du site<\/h2>\n<p>Le site premierechance.fr est \u00e9dit\u00e9 par :<\/p>\n<p><strong>Association Culturelle \u00c9ducative et de Loisirs de Garges-l\u00e8s-Gonesse (ACEL)<\/strong><\/p>\n<ul>\n<li>Association loi 1901 d&rsquo;\u00e9ducation populaire agr\u00e9\u00e9e Jeunesse et \u00c9ducation Populaire (JEP)<\/li>\n<li>Si\u00e8ge social : 4 rue de Verdun, 95140 Garges-l\u00e8s-Gonesse<\/li>\n<li>SIRET : 78962135600011<\/li>\n<li>RNA : W952005582<\/li>\n<li>Email : acel95140@proton.me \/ acel.premierechance@gmail.com<\/li>\n<\/ul>\n<p><strong>Directrice de publication<\/strong> : Nadi\u00e8ge \u00c9richot, pr\u00e9sidente de l&rsquo;ACEL<\/p>\n<h2>H\u00e9bergeur<\/h2>\n<p>Le site est h\u00e9berg\u00e9 par :<\/p>\n<p><strong>OVH SAS<\/strong><\/p>\n<ul>\n<li>2 rue Kellermann, 59100 Roubaix, France<\/li>\n<li>T\u00e9l\u00e9phone : 1007 (num\u00e9ro non surtax\u00e9)<\/li>\n<li>Site : ovhcloud.com<\/li>\n<li>RCS Lille M\u00e9tropole 424 761 419<\/li>\n<\/ul>\n<h2>Conception et maintenance<\/h2>\n<p>Le site a \u00e9t\u00e9 con\u00e7u et est maintenu par l&rsquo;ACEL.<\/p>\n<p>Plateforme technique : WordPress avec le constructeur Elementor.<\/p>\n<h2>Cr\u00e9dits<\/h2>\n<ul>\n<li>Photographies : ACEL, Moka Studio<\/li>\n<li>Vid\u00e9os : Moka Studio (acel.premierechance@gmail.com)<\/li>\n<li>Logo : ACEL<\/li>\n<\/ul>\n<h2>Propri\u00e9t\u00e9 intellectuelle<\/h2>\n<p>L&rsquo;ensemble des contenus pr\u00e9sents sur le site (textes, images, logos, vid\u00e9os, graphismes) est la propri\u00e9t\u00e9 de l&rsquo;ACEL ou de ses partenaires. Toute reproduction, totale ou partielle, sans autorisation \u00e9crite pr\u00e9alable est interdite.<\/p>\n<h2>Liens hypertextes<\/h2>\n<p>Le site peut contenir des liens vers d&rsquo;autres sites. L&rsquo;ACEL ne saurait \u00eatre tenue pour responsable du contenu de ces sites tiers.<\/p>\n<h2>Cookies et donn\u00e9es personnelles<\/h2>\n<p>Voir notre <a href=\"https:\/\/premierechance.fr\/?page_id=3\">Politique de confidentialit\u00e9<\/a>.<\/p>\n<h2>Droit applicable<\/h2>\n<p>Le pr\u00e9sent site est soumis au droit fran\u00e7ais. En cas de litige, seules les juridictions fran\u00e7aises sont comp\u00e9tentes.<\/p>\n<h2>Contact<\/h2>\n<p>Pour toute question relative aux pr\u00e9sentes mentions l\u00e9gales :<\/p>\n<ul>\n<li>Email : acel95140@proton.me<\/li>\n<li>Adresse : 4 rue de Verdun, 95140 Garges-l\u00e8s-Gonesse<\/li>\n<\/ul>\t\t\t\t\t\t\t\t<\/div>\n\t\t\t\t\t<\/div>\n\t\t\t\t<\/div>\n\t\t\t\t<\/div>\n\t\t","protected":false},"excerpt":{"rendered":"<p>Mentions L\u00e9gales \u00c9diteur du site Le site premierechance.fr est \u00e9dit\u00e9 par : Association Culturelle \u00c9ducative et de Loisirs de Garges-l\u00e8s-Gonesse (ACEL) Association loi 1901 d&rsquo;\u00e9ducation populaire agr\u00e9\u00e9e Jeunesse et \u00c9ducation Populaire (JEP) Si\u00e8ge social : 4 rue de Verdun, 95140 Garges-l\u00e8s-Gonesse SIRET : 78962135600011 RNA : W952005582 Email : acel95140@proton.me \/ acel.premierechance@gmail.com Directrice de publication [&hellip;]<\/p>\n","protected":false},"author":1,"featured_media":0,"parent":0,"menu_order":0,"comment_status":"closed","ping_status":"closed","template":"","meta":{"footnotes":""},"class_list":["post-2299","page","type-page","status-publish","hentry"],"yoast_head":"<!-- This site is optimized with the Yoast SEO plugin v27.5 - https:\/\/yoast.com\/product\/yoast-seo-wordpress\/ -->\n<title>Mentions l\u00e9gales &#8212; Premi\u00e8re Chance<\/title>\n<meta name=\"description\" content=\"Mentions l\u00e9gales du site premierechance.fr \u2014 Programme Premi\u00e8re Chance port\u00e9 par l&#039;ACEL de Garges-l\u00e8s-Gonesse, association d&#039;\u00e9ducation populaire agr\u00e9\u00e9e JEP.\" \/>\n<meta name=\"robots\" content=\"noindex, follow\" \/>\n<meta property=\"og:locale\" content=\"fr_FR\" \/>\n<meta property=\"og:type\" content=\"article\" \/>\n<meta property=\"og:title\" content=\"Mentions l\u00e9gales &#8212; Premi\u00e8re Chance\" \/>\n<meta property=\"og:description\" content=\"Mentions l\u00e9gales du site premierechance.fr \u2014 Programme Premi\u00e8re Chance port\u00e9 par l&#039;ACEL de Garges-l\u00e8s-Gonesse, association d&#039;\u00e9ducation populaire agr\u00e9\u00e9e JEP.\" \/>\n<meta property=\"og:url\" content=\"https:\/\/premierechance.fr\/?page_id=2299\" \/>\n<meta property=\"og:site_name\" content=\"Premi\u00e8re Chance\" \/>\n<meta property=\"article:modified_time\" content=\"2026-05-09T12:44:36+00:00\" \/>\n<meta name=\"twitter:card\" content=\"summary_large_image\" \/>\n<meta name=\"twitter:label1\" content=\"Dur\u00e9e de lecture estim\u00e9e\" \/>\n\t<meta name=\"twitter:data1\" content=\"2 minutes\" \/>\n<script type=\"application\/ld+json\" class=\"yoast-schema-graph\">{\"@context\":\"https:\\\/\\\/schema.org\",\"@graph\":[{\"@type\":\"WebPage\",\"@id\":\"https:\\\/\\\/premierechance.fr\\\/?page_id=2299\",\"url\":\"https:\\\/\\\/premierechance.fr\\\/?page_id=2299\",\"name\":\"Mentions l\u00e9gales &#8212; Premi\u00e8re Chance\",\"isPartOf\":{\"@id\":\"https:\\\/\\\/premierechance.fr\\\/#website\"},\"datePublished\":\"2026-05-09T09:55:12+00:00\",\"dateModified\":\"2026-05-09T12:44:36+00:00\",\"description\":\"Mentions l\u00e9gales du site premierechance.fr \u2014 Programme Premi\u00e8re Chance port\u00e9 par l'ACEL de Garges-l\u00e8s-Gonesse, association d'\u00e9ducation populaire agr\u00e9\u00e9e JEP.\",\"breadcrumb\":{\"@id\":\"https:\\\/\\\/premierechance.fr\\\/?page_id=2299#breadcrumb\"},\"inLanguage\":\"fr-FR\",\"potentialAction\":[{\"@type\":\"ReadAction\",\"target\":[\"https:\\\/\\\/premierechance.fr\\\/?page_id=2299\"]}]},{\"@type\":\"BreadcrumbList\",\"@id\":\"https:\\\/\\\/premierechance.fr\\\/?page_id=2299#breadcrumb\",\"itemListElement\":[{\"@type\":\"ListItem\",\"position\":1,\"name\":\"Accueil\",\"item\":\"https:\\\/\\\/premierechance.fr\\\/\"},{\"@type\":\"ListItem\",\"position\":2,\"name\":\"Mentions l\u00e9gales\"}]},{\"@type\":\"WebSite\",\"@id\":\"https:\\\/\\\/premierechance.fr\\\/#website\",\"url\":\"https:\\\/\\\/premierechance.fr\\\/\",\"name\":\"Premi\u00e8re Chance\",\"description\":\"Au service de l&#039;insertion des jeunes\",\"publisher\":{\"@id\":\"https:\\\/\\\/premierechance.fr\\\/#organization\"},\"potentialAction\":[{\"@type\":\"SearchAction\",\"target\":{\"@type\":\"EntryPoint\",\"urlTemplate\":\"https:\\\/\\\/premierechance.fr\\\/?s={search_term_string}\"},\"query-input\":{\"@type\":\"PropertyValueSpecification\",\"valueRequired\":true,\"valueName\":\"search_term_string\"}}],\"inLanguage\":\"fr-FR\"},{\"@type\":\"Organization\",\"@id\":\"https:\\\/\\\/premierechance.fr\\\/#organization\",\"name\":\"ACEL \u2014 Programme Premi\u00e8re Chance\",\"url\":\"https:\\\/\\\/premierechance.fr\\\/\",\"logo\":{\"@type\":\"ImageObject\",\"inLanguage\":\"fr-FR\",\"@id\":\"https:\\\/\\\/premierechance.fr\\\/#\\\/schema\\\/logo\\\/image\\\/\",\"url\":\"https:\\\/\\\/premierechance.fr\\\/wp-content\\\/uploads\\\/2026\\\/02\\\/logo-premiere-chance.png\",\"contentUrl\":\"https:\\\/\\\/premierechance.fr\\\/wp-content\\\/uploads\\\/2026\\\/02\\\/logo-premiere-chance.png\",\"width\":600,\"height\":600,\"caption\":\"ACEL \u2014 Programme Premi\u00e8re Chance\"},\"image\":{\"@id\":\"https:\\\/\\\/premierechance.fr\\\/#\\\/schema\\\/logo\\\/image\\\/\"},\"sameAs\":[\"https:\\\/\\\/www.tiktok.com\\\/@premiere.chance\",\"https:\\\/\\\/www.instagram.com\\\/premiere.chance\\\/\",\"https:\\\/\\\/fr.linkedin.com\\\/company\\\/programme-premire-chance\"]}]}<\/script>\n<!-- \/ Yoast SEO plugin. -->","yoast_head_json":{"title":"Mentions l\u00e9gales &#8212; Premi\u00e8re Chance","description":"Mentions l\u00e9gales du site premierechance.fr \u2014 Programme Premi\u00e8re Chance port\u00e9 par l'ACEL de Garges-l\u00e8s-Gonesse, association d'\u00e9ducation populaire agr\u00e9\u00e9e JEP.","robots":{"index":"noindex","follow":"follow"},"og_locale":"fr_FR","og_type":"article","og_title":"Mentions l\u00e9gales &#8212; Premi\u00e8re Chance","og_description":"Mentions l\u00e9gales du site premierechance.fr \u2014 Programme Premi\u00e8re Chance port\u00e9 par l'ACEL de Garges-l\u00e8s-Gonesse, association d'\u00e9ducation populaire agr\u00e9\u00e9e JEP.","og_url":"https:\/\/premierechance.fr\/?page_id=2299","og_site_name":"Premi\u00e8re Chance","article_modified_time":"2026-05-09T12:44:36+00:00","twitter_card":"summary_large_image","twitter_misc":{"Dur\u00e9e de lecture estim\u00e9e":"2 minutes"},"schema":{"@context":"https:\/\/schema.org","@graph":[{"@type":"WebPage","@id":"https:\/\/premierechance.fr\/?page_id=2299","url":"https:\/\/premierechance.fr\/?page_id=2299","name":"Mentions l\u00e9gales &#8212; Premi\u00e8re Chance","isPartOf":{"@id":"https:\/\/premierechance.fr\/#website"},"datePublished":"2026-05-09T09:55:12+00:00","dateModified":"2026-05-09T12:44:36+00:00","description":"Mentions l\u00e9gales du site premierechance.fr \u2014 Programme Premi\u00e8re Chance port\u00e9 par l'ACEL de Garges-l\u00e8s-Gonesse, association d'\u00e9ducation populaire agr\u00e9\u00e9e JEP.","breadcrumb":{"@id":"https:\/\/premierechance.fr\/?page_id=2299#breadcrumb"},"inLanguage":"fr-FR","potentialAction":[{"@type":"ReadAction","target":["https:\/\/premierechance.fr\/?page_id=2299"]}]},{"@type":"BreadcrumbList","@id":"https:\/\/premierechance.fr\/?page_id=2299#breadcrumb","itemListElement":[{"@type":"ListItem","position":1,"name":"Accueil","item":"https:\/\/premierechance.fr\/"},{"@type":"ListItem","position":2,"name":"Mentions l\u00e9gales"}]},{"@type":"WebSite","@id":"https:\/\/premierechance.fr\/#website","url":"https:\/\/premierechance.fr\/","name":"Premi\u00e8re Chance","description":"Au service de l&#039;insertion des jeunes","publisher":{"@id":"https:\/\/premierechance.fr\/#organization"},"potentialAction":[{"@type":"SearchAction","target":{"@type":"EntryPoint","urlTemplate":"https:\/\/premierechance.fr\/?s={search_term_string}"},"query-input":{"@type":"PropertyValueSpecification","valueRequired":true,"valueName":"search_term_string"}}],"inLanguage":"fr-FR"},{"@type":"Organization","@id":"https:\/\/premierechance.fr\/#organization","name":"ACEL \u2014 Programme Premi\u00e8re Chance","url":"https:\/\/premierechance.fr\/","logo":{"@type":"ImageObject","inLanguage":"fr-FR","@id":"https:\/\/premierechance.fr\/#\/schema\/logo\/image\/","url":"https:\/\/premierechance.fr\/wp-content\/uploads\/2026\/02\/logo-premiere-chance.png","contentUrl":"https:\/\/premierechance.fr\/wp-content\/uploads\/2026\/02\/logo-premiere-chance.png","width":600,"height":600,"caption":"ACEL \u2014 Programme Premi\u00e8re Chance"},"image":{"@id":"https:\/\/premierechance.fr\/#\/schema\/logo\/image\/"},"sameAs":["https:\/\/www.tiktok.com\/@premiere.chance","https:\/\/www.instagram.com\/premiere.chance\/","https:\/\/fr.linkedin.com\/company\/programme-premire-chance"]}]}},"_links":{"self":[{"href":"https:\/\/premierechance.fr\/index.php?rest_route=\/wp\/v2\/pages\/2299","targetHints":{"allow":["GET"]}}],"collection":[{"href":"https:\/\/premierechance.fr\/index.php?rest_route=\/wp\/v2\/pages"}],"about":[{"href":"https:\/\/premierechance.fr\/index.php?rest_route=\/wp\/v2\/types\/page"}],"author":[{"embeddable":true,"href":"https:\/\/premierechance.fr\/index.php?rest_route=\/wp\/v2\/users\/1"}],"replies":[{"embeddable":true,"href":"https:\/\/premierechance.fr\/index.php?rest_route=%2Fwp%2Fv2%2Fcomments&post=2299"}],"version-history":[{"count":14,"href":"https:\/\/premierechance.fr\/index.php?rest_route=\/wp\/v2\/pages\/2299\/revisions"}],"predecessor-version":[{"id":2342,"href":"https:\/\/premierechance.fr\/index.php?rest_route=\/wp\/v2\/pages\/2299\/revisions\/2342"}],"wp:attachment":[{"href":"https:\/\/premierechance.fr\/index.php?rest_route=%2Fwp%2Fv2%2Fmedia&parent=2299"}],"curies":[{"name":"wp","href":"https:\/\/api.w.org\/{rel}","templated":true}]}}